{"id":5379,"date":"2017-12-09T08:52:00","date_gmt":"2017-12-09T08:52:00","guid":{"rendered":"http:\/\/wpdemos.themezaa.com\/brando\/corporate\/?page_id=5379"},"modified":"2021-03-09T17:02:36","modified_gmt":"2021-03-09T20:02:36","slug":"corporate","status":"publish","type":"page","link":"https:\/\/novawebnet.com.br\/","title":{"rendered":"Home Classic Corporate"},"content":{"rendered":"<section id=\"home\" class=\"brando_row_1600695998-2-15 no-padding-tb md-no-padding-tb sm-no-padding-tb xs-no-padding-tb\"><div class=\"container\"><div class=\"row\"><div class=\"wpb_column brando-column-container brando_column_1600786874-2-13 vc_col-sm-12 vc_col-xs-12 md-no-padding-bottom\" data-front-class=\"brando-column-container brando_column_1600786874-2-13 md-no-padding-bottom\"><div class=\"vc-column-innner-wrapper\"><div class=\"wpd-innner-wrapper\">[vc_empty_space height=\"74px\"]<\/div><\/div><\/div><\/div><\/div><\/section><section id=\"testimonial\" class=\"brando_row_1600780237-2-4 no-padding-tb sm-no-padding-top md-no-margin-top wow fadeIn\"><div class=\"container\"><div class=\"row\"><div class=\"wpb_column brando-column-container brando_column_1600786828-2-52 vc_col-sm-4 col-xs-mobile-fullwidth text-center margin-six-bottom md-no-margin-top sm-margin-five-bottom\" data-front-class=\"brando-column-container brando_column_1600786828-2-52 col-xs-mobile-fullwidth text-center margin-six-bottom md-no-margin-top sm-margin-five-bottom\"><div class=\"vc-column-innner-wrapper\"><div class=\"wpd-innner-wrapper\">[vc_empty_space][vc_icon icon_fontawesome=\"fa fa-user\" color=\"custom\" size=\"xl\" align=\"center\" custom_color=\"#f57838\"]<span class=\"text-extra-large margin-six-bottom display-inline-block alt-font black-text brando-font-setting-69d63acccd9bc\">Para voc\u00ea<\/span><p style=\"font-size: 15px;\"><b>Seja para trabalhar, estudar ou se divertir, n\u00e3o procure mais pois seu plano est\u00e1 aqui.<\/b><\/p>\n<\/div><\/div><\/div><div class=\"wpb_column brando-column-container  vc_col-sm-4 vc_col-md-4 vc_col-xs-12  wow fadeInUp text-center xs-margin-ten-bottom\" data-front-class=\"brando-column-container   wow fadeInUp text-center xs-margin-ten-bottom\" data-wow-duration= 300ms><div class=\"vc-column-innner-wrapper\"><div class=\"wpd-innner-wrapper\">[vc_empty_space][vc_icon icon_fontawesome=\"fa fa-building\" color=\"custom\" size=\"xl\" align=\"center\" custom_color=\"#f57838\"]<span class=\"text-extra-large margin-six-bottom display-inline-block alt-font black-text brando-font-setting-69d63acccdae7\">Para empresas<\/span><p style=\"font-size: 15px;\"><b>Mais velocidade representa mais efici\u00eancia nas suas atividades di\u00e1rias.<\/b><\/p>\n<\/div><\/div><\/div><div class=\"wpb_column brando-column-container  vc_col-sm-4 vc_col-md-4 vc_col-xs-12  wow fadeInUp text-center xs-margin-ten-bottom\" data-front-class=\"brando-column-container   wow fadeInUp text-center xs-margin-ten-bottom\" data-wow-duration= 600ms><div class=\"vc-column-innner-wrapper\"><div class=\"wpd-innner-wrapper\">[vc_empty_space][vc_icon icon_fontawesome=\"fa fa-users\" color=\"custom\" size=\"xl\" align=\"center\" custom_color=\"#f57838\"]<span class=\"text-extra-large margin-six-bottom display-inline-block alt-font black-text brando-font-setting-69d63acccdba3\">Para \u00f3rg\u00e3os p\u00fablicos<\/span><p style=\"font-size: 15px;\"><b>Solu\u00e7\u00e3o econ\u00f4mica e vers\u00e1til para quem precisa de muitas conex\u00f5es simult\u00e2neas.<\/b><\/p>\n<\/div><\/div><\/div><\/div><\/div><\/section><section id=\"services\" class=\"brando_row_1600368750-2-93\" style=\"background-color:#654b99;\"><div class=\"container\"><div class=\"row\"><div class=\" brando-inner-row-class\"><div class=\"wpb_column brando-column-container  vc_col-sm-6 col-xs-mobile-fullwidth\" data-front-class=\"brando-column-container  col-xs-mobile-fullwidth\"><div class=\"vc-column-innner-wrapper\"><div class=\"wpd-innner-wrapper\">[vc_single_image image=\"7172\" img_size=\"800x600\"]<\/div><\/div><\/div><div class=\"wpb_column brando-column-container  vc_col-sm-6 col-xs-mobile-fullwidth\" data-front-class=\"brando-column-container  col-xs-mobile-fullwidth\"><div class=\"vc-column-innner-wrapper\"><div class=\"wpd-innner-wrapper\"><h4 class=\"brando-remove-frontend-editor-top alt-font  white-text heading-style6 brando_heading_1512714304-2-2\" style=\"text-transform:none;\">BANDA LARGA COM ULTRAVELOCIDADE E WI-FI GR\u00c1TIS PARA TER A MELHOR EXPERI\u00caNCIA EM MULTITELAS.<\/h4><div class=\"brando_text_1600370726-2-4\"><ul style=\"color: white; font-size: 15px;\">\n<li><b>Mais Mobilidade<\/b> Navegue ou fa\u00e7a liga\u00e7\u00f5es com facilidade com qualquer dispositivo<\/li>\n<li><b>Mais Divers\u00e3o<\/b> Assista a seus filmes favoritos e acesse suas redes sociais quando quiser.<\/li>\n<li><b>Mais Liberdade<\/b> Com nossos planos voc\u00ea faz downloads e uploads a vontade e sem limites<\/li>\n<\/ul>\n<\/div><a  href=\"#planos\" target=\"_self\" class=\"inner-link brando_button_1600434049-2-41 margin-six-top xs-margin-six-top highlight-button-black-border btn-medium  button btn alt-font\">Planos<\/a><\/div><\/div><\/div><\/div><\/div><\/div><\/section><section  id=\"services\" class=\"brando_row_1600433004-2-78 bg-image-srcset fix-background\" style=\"background: url(https:\/\/novawebnet.com.br\/wp-content\/uploads\/2020\/09\/parallax_02_new.jpg) no-repeat;\" data-bg-srcset=\"https:\/\/novawebnet.com.br\/wp-content\/uploads\/2020\/09\/parallax_02_new.jpg 1920w, https:\/\/novawebnet.com.br\/wp-content\/uploads\/2020\/09\/parallax_02_new-300x169.jpg 300w, https:\/\/novawebnet.com.br\/wp-content\/uploads\/2020\/09\/parallax_02_new-1024x576.jpg 1024w, https:\/\/novawebnet.com.br\/wp-content\/uploads\/2020\/09\/parallax_02_new-768x432.jpg 768w, https:\/\/novawebnet.com.br\/wp-content\/uploads\/2020\/09\/parallax_02_new-1536x864.jpg 1536w, https:\/\/novawebnet.com.br\/wp-content\/uploads\/2020\/09\/parallax_02_new-420x236.jpg 420w, https:\/\/novawebnet.com.br\/wp-content\/uploads\/2020\/09\/parallax_02_new-1200x675.jpg 1200w\"><div class=\"container\"><div class=\"row\"><div class=\"wpb_column brando-column-container  vc_col-sm-12 vc_col-md-12 vc_col-xs-12\" data-front-class=\"brando-column-container \"><div class=\"vc-column-innner-wrapper\"><div class=\"wpd-innner-wrapper\"><div class=\" brando-inner-row-class\"><div class=\"wpb_column brando-column-container  vc_col-sm-12 col-xs-mobile-fullwidth\" data-front-class=\"brando-column-container  col-xs-mobile-fullwidth\"><div class=\"vc-column-innner-wrapper\"><div class=\"wpd-innner-wrapper\"><div class=\"margin-ten no-margin-lr clearfix\"><h1 class=\"alt-font font-weight-600 brando-font-setting-69d63acccf0af  white-text heading-style1 brando_heading_1512714304-2-2\" style=\"font-size:55px; text-transform:none;\">Ligue Agora<\/h1><\/div><div class=\"margin-ten no-margin-lr clearfix\"><h1 class=\"alt-font font-weight-600 brando-font-setting-69d63acccf0f0  white-text heading-style1 brando_heading_1512714304-2-2\" style=\"font-size:45px; text-transform:none;\">(21) 4063-8406<\/h1><\/div>[vc_btn title=\"WhatsApp\" style=\"outline-custom\" outline_custom_color=\"#f57838\" outline_custom_hover_background=\"#e07e33\" outline_custom_hover_text=\"#ffffff\" align=\"center\" link=\"url:https%3A%2F%2Fapi.whatsapp.com%2Fsend%2F%3Fphone%3D55021995720095%26text%26app_absent%3D0|title:WhatsApp||\"]<\/div><\/div><\/div><\/div><\/div><\/div><\/div><\/div><\/div><\/section><section id=\"planos\" class=\"brando_row_1600368750-2-93\"><div class=\"container\"><div class=\"row\"><div class=\"margin-ten no-margin-lr clearfix\"><h1 class=\"alt-font font-weight-600 brando-font-setting-69d63acccf3ae  heading-style1 brando_heading_1512714304-2-2\" style=\"color:#f57838 !important; font-size:45px; text-transform:none;\">NOSSOS PLANOS<\/h1><\/div>[vc_empty_space height=\"12px\"]<div class=\"margin-ten no-margin-lr clearfix\"><h1 class=\"alt-font font-weight-600 brando-font-setting-69d63acccf3e4  heading-style1 brando_heading_1512714304-2-2\" style=\"color:#f57838 !important; font-size:35px; text-transform:none;\">Instala\u00e7\u00e3o Simples<\/h1><\/div>[vc_empty_space height=\"12px\"]<div class=\"brando_inner_row_1600435307-2-15 brando-inner-row-class\"><div class=\"wpb_column brando-column-container brando_inner_column_1600436054-2-33 vc_col-sm-3 col-xs-mobile-fullwidth\" data-front-class=\"brando-column-container brando_inner_column_1600436054-2-33 col-xs-mobile-fullwidth\"><div class=\"vc-column-innner-wrapper\"><div class=\"wpd-innner-wrapper\"><div class=\"text-center pricing-box\"><div class=\"pricing-price bg-deep-blue\" style=\"background:#f57838 !important;\"><h3 class=\"title-extra-large-2 white-text alt-font no-margin\" style=\"color:#ffffff !important;\">15 Mega<\/h3><\/div><div class=\"pricing-features\"><ul style=\"color: black; font-size: 15px;\">\n<li><b>Sem contrato de fidelidade<\/b><\/li>\n<li><b>Sem limite de tr\u00e1fego<\/b><\/li>\n<li><b>Mensalidade fixa<\/b><\/li>\n<li><b>Internet 24 horas<\/b><\/li>\n<li><b>Download e Upload ilimitados<\/b><\/li>\n<li><b>Roteador simples suportando velocidades de at\u00e9 80Mb<\/b><\/li>\n<\/ul>\n<\/div><div class=\"pricing-action\"><a href=\" http:\/\/novawebnet.com.br\/?page_id=7124\" target=\"_self\" class=\"highlight-button-dark btn btn-small button no-margin inner-link\">Contrate Agora<\/a><\/div><\/div><\/div><\/div><\/div><div class=\"wpb_column brando-column-container  vc_col-sm-3 col-xs-mobile-fullwidth\" data-front-class=\"brando-column-container  col-xs-mobile-fullwidth\"><div class=\"vc-column-innner-wrapper\"><div class=\"wpd-innner-wrapper\"><div class=\"text-center pricing-box\"><div class=\"pricing-price bg-deep-blue\" style=\"background:#f57838 !important;\"><h3 class=\"title-extra-large-2 white-text alt-font no-margin\" style=\"color:#ffffff !important;\">20 Mega<\/h3><\/div><div class=\"pricing-features\"><ul style=\"color: black; font-size: 15px;\">\n<li><b>Sem contrato de fidelidade<\/b><\/li>\n<li><b>Sem limite de tr\u00e1fego<\/b><\/li>\n<li><b>Mensalidade fixa<\/b><\/li>\n<li><b>Internet 24 horas<\/b><\/li>\n<li><b>Download e Upload ilimitados<\/b><\/li>\n<li><b>Roteador simples suportando velocidades de at\u00e9 80Mb<\/b><\/li>\n<\/ul>\n<\/div><div class=\"pricing-action\"><a href=\"http:\/\/novawebnet.com.br\/?page_id=7124\" target=\"_self\" class=\"highlight-button-dark btn btn-small button no-margin inner-link\">Contrate Agora<\/a><\/div><\/div><\/div><\/div><\/div><div class=\"wpb_column brando-column-container  vc_col-sm-3 col-xs-mobile-fullwidth\" data-front-class=\"brando-column-container  col-xs-mobile-fullwidth\"><div class=\"vc-column-innner-wrapper\"><div class=\"wpd-innner-wrapper\"><div class=\"text-center pricing-box\"><div class=\"pricing-price bg-deep-blue\" style=\"background:#f57838 !important;\"><h3 class=\"title-extra-large-2 white-text alt-font no-margin\" style=\"color:#ffffff !important;\">25 Mega<\/h3><\/div><div class=\"pricing-features\"><ul style=\"color: black; font-size: 15px;\">\n<li><b>Sem contrato de fidelidade<\/b><\/li>\n<li><b>Sem limite de tr\u00e1fego<\/b><\/li>\n<li><b>Mensalidade fixa<\/b><\/li>\n<li><b>Internet 24 horas<\/b><\/li>\n<li><b>Download e Upload ilimitados<\/b><\/li>\n<li><b>Roteador simples suportando velocidades de at\u00e9 80Mb<\/b><\/li>\n<\/ul>\n<\/div><div class=\"pricing-action\"><a href=\"http:\/\/novawebnet.com.br\/?page_id=7124\" target=\"_self\" class=\"highlight-button-dark btn btn-small button no-margin inner-link\">Contrate Agora<\/a><\/div><\/div><\/div><\/div><\/div><div class=\"wpb_column brando-column-container  vc_col-sm-3 col-xs-mobile-fullwidth\" data-front-class=\"brando-column-container  col-xs-mobile-fullwidth\"><div class=\"vc-column-innner-wrapper\"><div class=\"wpd-innner-wrapper\"><div class=\"text-center pricing-box\"><div class=\"pricing-price bg-deep-blue\" style=\"background:#f57838 !important;\"><h3 class=\"title-extra-large-2 white-text alt-font no-margin\" style=\"color:#ffffff !important;\">30 Mega<\/h3><\/div><div class=\"pricing-features\"><ul style=\"color: black; font-size: 15px;\">\n<li><b>Sem contrato de fidelidade<\/b><\/li>\n<li><b>Sem limite de tr\u00e1fego<\/b><\/li>\n<li><b>Mensalidade fixa<\/b><\/li>\n<li><b>Internet 24 horas<\/b><\/li>\n<li><b>Download e Upload ilimitados<\/b><\/li>\n<li><b>Roteador simples suportando velocidades de at\u00e9 80Mb<\/b><\/li>\n<\/ul>\n<\/div><div class=\"pricing-action\"><a href=\"http:\/\/novawebnet.com.br\/?page_id=7124\" target=\"_self\" class=\"highlight-button-dark btn btn-small button no-margin inner-link\">Contrate Agora<\/a><\/div><\/div><\/div><\/div><\/div><\/div><div class=\"brando_inner_row_1600438121-2-5 brando-inner-row-class\"><div class=\"wpb_column brando-column-container  vc_col-sm-12 col-xs-mobile-fullwidth\" data-front-class=\"brando-column-container  col-xs-mobile-fullwidth\"><div class=\"vc-column-innner-wrapper\"><div class=\"wpd-innner-wrapper\">[vc_empty_space height=\"24px\"]<div class=\"margin-ten no-margin-lr clearfix\"><h1 class=\"alt-font font-weight-600 brando-font-setting-69d63acccf933  heading-style1 brando_heading_1512714304-2-2\" style=\"color:#654b99 !important; font-size:35px; text-transform:none;\">Instala\u00e7\u00e3o Fibra \u00d3ptica<\/h1><\/div>[vc_empty_space height=\"12px\"]<\/div><\/div><\/div><\/div><div class=\"brando_inner_row_1600435307-2-15 brando-inner-row-class\"><div class=\"wpb_column brando-column-container brando_inner_column_1600436054-2-33 vc_col-sm-3 col-xs-mobile-fullwidth\" data-front-class=\"brando-column-container brando_inner_column_1600436054-2-33 col-xs-mobile-fullwidth\"><div class=\"vc-column-innner-wrapper\"><div class=\"wpd-innner-wrapper\"><div class=\"text-center pricing-box\"><div class=\"pricing-price bg-deep-blue\" style=\"background:#654b99 !important;\"><h3 class=\"title-extra-large-2 white-text alt-font no-margin\" style=\"color:#ffffff !important;\">40 Mega<\/h3><\/div><div class=\"pricing-features\"><ul style=\"color: black; font-size: 15px;\">\n<li><b>Sem contrato de fidelidade<\/b><\/li>\n<li><b>Sem limite de tr\u00e1fego<\/b><\/li>\n<li><b>Mensalidade fixa<\/b><\/li>\n<li><b>Internet 24 horas<\/b><\/li>\n<li><b>Download e Upload ilimitados<\/b><\/li>\n<li><b>Roteador simples suportando velocidades de at\u00e9 80Mb<\/b><\/li>\n<\/ul>\n<\/div><div class=\"pricing-action\"><a href=\"http:\/\/novawebnet.com.br\/?page_id=7124\" target=\"_self\" class=\"highlight-button-dark btn btn-small button no-margin inner-link\">Contrate Agora<\/a><\/div><\/div><\/div><\/div><\/div><div class=\"wpb_column brando-column-container  vc_col-sm-3 col-xs-mobile-fullwidth\" data-front-class=\"brando-column-container  col-xs-mobile-fullwidth\"><div class=\"vc-column-innner-wrapper\"><div class=\"wpd-innner-wrapper\"><div class=\"text-center pricing-box\"><div class=\"pricing-price bg-deep-blue\" style=\"background:#654b99 !important;\"><h3 class=\"title-extra-large-2 white-text alt-font no-margin\" style=\"color:#ffffff !important;\">100 Mega<\/h3><\/div><div class=\"pricing-features\"><ul style=\"color: black; font-size: 15px;\">\n<li><b>Sem contrato de fidelidade<\/b><\/li>\n<li><b>Sem limite de tr\u00e1fego<\/b><\/li>\n<li><b>Mensalidade fixa<\/b><\/li>\n<li><b>Internet 24 horas<\/b><\/li>\n<li><b>Download e Upload ilimitados<\/b><\/li>\n<li><b>Roteador simples suportando velocidades de at\u00e9 80Mb<\/b><\/li>\n<\/ul>\n<\/div><div class=\"pricing-action\"><a href=\"http:\/\/novawebnet.com.br\/?page_id=7124\" target=\"_self\" class=\"highlight-button-dark btn btn-small button no-margin inner-link\">Contrate Agora<\/a><\/div><\/div><\/div><\/div><\/div><div class=\"wpb_column brando-column-container  vc_col-sm-3 col-xs-mobile-fullwidth\" data-front-class=\"brando-column-container  col-xs-mobile-fullwidth\"><div class=\"vc-column-innner-wrapper\"><div class=\"wpd-innner-wrapper\"><div class=\"text-center pricing-box\"><div class=\"pricing-price bg-deep-blue\" style=\"background:#654b99 !important;\"><h3 class=\"title-extra-large-2 white-text alt-font no-margin\" style=\"color:#ffffff !important;\">200 Mega<\/h3><\/div><div class=\"pricing-features\"><ul style=\"color: black; font-size: 15px;\">\n<li><b>Sem contrato de fidelidade<\/b><\/li>\n<li><b>Super Wi-Fi AC<\/b><\/li>\n<li><b>Sem limite de tr\u00e1fego<\/b><\/li>\n<li><b>Mensalidade fixa<\/b><\/li>\n<li><b>Internet 24 horas<\/b><\/li>\n<li><b>Download e Upload ilimitados<\/b><\/li>\n<li><b>Roteador simples suportando velocidades de at\u00e9 80Mb<\/b><\/li>\n<\/ul>\n<\/div><div class=\"pricing-action\"><a href=\"http:\/\/novawebnet.com.br\/?page_id=7124\" target=\"_self\" class=\"highlight-button-dark btn btn-small button no-margin inner-link\">Contrate Agora<\/a><\/div><\/div><\/div><\/div><\/div><div class=\"wpb_column brando-column-container  vc_col-sm-3 col-xs-mobile-fullwidth\" data-front-class=\"brando-column-container  col-xs-mobile-fullwidth\"><div class=\"vc-column-innner-wrapper\"><div class=\"wpd-innner-wrapper\"><div class=\"text-center pricing-box\"><div class=\"pricing-price bg-deep-blue\" style=\"background:#654b99 !important;\"><h3 class=\"title-extra-large-2 white-text alt-font no-margin\" style=\"color:#ffffff !important;\">300 Mega<\/h3><\/div><div class=\"pricing-features\"><ul style=\"color: black; font-size: 15px;\">\n<li><b>Sem contrato de fidelidade<\/b><\/li>\n<li><b>Super Wi-Fi AC<\/b><\/li>\n<li><b>Sem limite de tr\u00e1fego<\/b><\/li>\n<li><b>Mensalidade fixa<\/b><\/li>\n<li><b>Internet 24 horas<\/b><\/li>\n<li><b>Download e Upload ilimitados<\/b><\/li>\n<li><b>Roteador simples suportando velocidades de at\u00e9 80Mb<\/b><\/li>\n<\/ul>\n<\/div><div class=\"pricing-action\"><a href=\"http:\/\/novawebnet.com.br\/?page_id=7124\" target=\"_self\" class=\"highlight-button-dark btn btn-small button no-margin inner-link\">Contrate Agora<\/a><\/div><\/div><\/div><\/div><\/div><\/div><\/div><\/div><\/section><section  id=\"services\" class=\"brando_row_1600433004-2-78 bg-image-srcset fix-background\" style=\"background: url(https:\/\/novawebnet.com.br\/wp-content\/uploads\/2020\/09\/new_parallax_02.jpg) no-repeat;\" data-bg-srcset=\"https:\/\/novawebnet.com.br\/wp-content\/uploads\/2020\/09\/new_parallax_02.jpg 1920w, https:\/\/novawebnet.com.br\/wp-content\/uploads\/2020\/09\/new_parallax_02-300x169.jpg 300w, https:\/\/novawebnet.com.br\/wp-content\/uploads\/2020\/09\/new_parallax_02-1024x576.jpg 1024w, https:\/\/novawebnet.com.br\/wp-content\/uploads\/2020\/09\/new_parallax_02-768x432.jpg 768w, https:\/\/novawebnet.com.br\/wp-content\/uploads\/2020\/09\/new_parallax_02-1536x864.jpg 1536w, https:\/\/novawebnet.com.br\/wp-content\/uploads\/2020\/09\/new_parallax_02-420x236.jpg 420w, https:\/\/novawebnet.com.br\/wp-content\/uploads\/2020\/09\/new_parallax_02-1200x675.jpg 1200w\"><div class=\"container\"><div class=\"row\"><div class=\"wpb_column brando-column-container  vc_col-sm-12 vc_col-md-12 vc_col-xs-12\" data-front-class=\"brando-column-container \"><div class=\"vc-column-innner-wrapper\"><div class=\"wpd-innner-wrapper\"><div class=\" brando-inner-row-class\"><div class=\"wpb_column brando-column-container  vc_col-sm-12 col-xs-mobile-fullwidth\" data-front-class=\"brando-column-container  col-xs-mobile-fullwidth\"><div class=\"vc-column-innner-wrapper\"><div class=\"wpd-innner-wrapper\"><div class=\"margin-ten no-margin-lr clearfix\"><h1 class=\"alt-font font-weight-600 brando-font-setting-69d63accd096f  white-text heading-style1 brando_heading_1512714304-2-2\" style=\"font-size:45px; text-transform:none;\">Teste a Velocidade da sua Banda Larga<\/h1><\/div>[vc_btn title=\"TESTE A SUA VELOCIDADE\" style=\"outline-custom\" outline_custom_color=\"#f57838\" outline_custom_hover_background=\"#e07e33\" outline_custom_hover_text=\"#ffffff\" align=\"center\" link=\"url:http%3A%2F%2Fvelocimetro.novawebnet.com.br%2F|title:Teste%20a%20sua%20velocidade|target:%20_blank|\"]<\/div><\/div><\/div><\/div><\/div><\/div><\/div><\/div><\/div><\/section><section id=\"contact\" class=\"brando_row_1600373408-2-68\" style=\"border-bottom: 1px solid rgba(255,255,255,0.1);background-color:#654b99;\"><div class=\"container\"><div class=\"row\"><div class=\"wpb_column brando-column-container  vc_col-sm-12 vc_col-md-12 vc_col-xs-12 text-center margin-seven-bottom sm-margin-five-bottom\" data-front-class=\"brando-column-container  text-center margin-seven-bottom sm-margin-five-bottom\"><div class=\"vc-column-innner-wrapper\"><div class=\"wpd-innner-wrapper\"><div class=\"margin-ten no-margin-lr clearfix\"><h1 class=\"alt-font font-weight-600  heading-style1 brando_heading_1512643618-2-8\" style=\"color:#ffffff !important; font-size:45px;\">CONTATO<\/h1><\/div><\/div><\/div><\/div><div class=\"wpb_column brando-column-container  vc_col-sm-12 vc_col-md-9 vc_col-xs-12 clear-both center-col text-center\" data-front-class=\"brando-column-container  clear-both center-col text-center\"><div class=\"vc-column-innner-wrapper\"><div class=\"wpd-innner-wrapper\"><div class=\" brando-inner-row-class\"><div class=\"wpb_column brando-column-container  vc_col-sm-3 vc_col-md-4 vc_col-xs-12 xs-margin-twelve-bottom\" data-front-class=\"brando-column-container  xs-margin-twelve-bottom\"><div class=\"vc-column-innner-wrapper\"><div class=\"wpd-innner-wrapper\"><div class=\" text-center\"><i class=\"icon-phone icon-extra-large medium-gray-text\" style=\"color:#ffffff !important;\"><\/i><p style=\"color: white; font-size: 15px; align-text: center;\"><b>(21) 4063-8406 \/ (21) 99572-0095<br \/>\nInstala\u00e7\u00e3o: (21) 98605-0298<\/b><\/p>\n<\/div><\/div><\/div><\/div><div class=\"wpb_column brando-column-container  vc_col-sm-3 vc_col-md-4 vc_col-xs-12 xs-margin-twelve-bottom\" data-front-class=\"brando-column-container  xs-margin-twelve-bottom\"><div class=\"vc-column-innner-wrapper\"><div class=\"wpd-innner-wrapper\"><div class=\" text-center\"><i class=\"icon-map-pin icon-extra-large medium-gray-text\" style=\"color:#ffffff !important;\"><\/i><p style=\"color: white; font-size: 15px; align-text: center;\"><b>Rua Jo\u00e3o Feliciano da Costa, 137 Centro - Itabora\u00ed<\/b><\/p>\n<\/div><\/div><\/div><\/div><div class=\"wpb_column brando-column-container  vc_col-sm-3 vc_col-md-4 vc_col-xs-12\" data-front-class=\"brando-column-container \"><div class=\"vc-column-innner-wrapper\"><div class=\"wpd-innner-wrapper\"><div class=\" text-center\"><i class=\"icon-envelope icon-extra-large medium-gray-text\" style=\"color:#ffffff !important;\"><\/i><span class=\"display-block alt-font medium-gray-text line-height-normal text-uppercase\" style=\"color:#ffffff !important;\">Sugest\u00f5es e Reclama\u00e7\u00f5es<\/span><p><b><a style=\"color: white; font-size: 15px; align-text: center;\">sac@novawebnet.com.br<\/a><\/b><\/p>\n<\/div><\/div><\/div><\/div><\/div><\/div><\/div><\/div><div class=\"wpb_column brando-column-container  vc_col-sm-12 vc_col-md-offset-1 vc_col-md-10 vc_col-xs-12\" data-front-class=\"brando-column-container \"><div class=\"vc-column-innner-wrapper\"><div class=\"wpd-innner-wrapper\"><div class=\" margin-six-tb xs-margin-ten-tb\" style=\"background:rgba(255,255,255,0.3); height:1px;\"><\/div><\/div><\/div><\/div><div class=\"wpb_column brando-column-container  vc_col-sm-12 vc_col-md-10 vc_col-xs-12 center-col sm-no-padding-lr\" data-front-class=\"brando-column-container  center-col sm-no-padding-lr\"><div class=\"vc-column-innner-wrapper\"><div class=\"wpd-innner-wrapper\"><div role=\"form\" class=\"wpcf7\" id=\"wpcf7-f4434-o1\" lang=\"en-US\" dir=\"ltr\">\n<div class=\"screen-reader-response\"><p role=\"status\" aria-live=\"polite\" aria-atomic=\"true\"><\/p> <ul><\/ul><\/div>\n<form action=\"\/index.php?rest_route=%2Fwp%2Fv2%2Fpages%2F5379#wpcf7-f4434-o1\" method=\"post\" class=\"wpcf7-form init\" novalidate=\"novalidate\" data-status=\"init\">\n<div style=\"display: none;\">\n<input type=\"hidden\" name=\"_wpcf7\" value=\"4434\" \/>\n<input type=\"hidden\" name=\"_wpcf7_version\" value=\"5.3\" \/>\n<input type=\"hidden\" name=\"_wpcf7_locale\" value=\"en_US\" \/>\n<input type=\"hidden\" name=\"_wpcf7_unit_tag\" value=\"wpcf7-f4434-o1\" \/>\n<input type=\"hidden\" name=\"_wpcf7_container_post\" value=\"0\" \/>\n<input type=\"hidden\" name=\"_wpcf7_posted_data_hash\" value=\"\" \/>\n<\/div>\n<div class=\"col-md-6 col-sm-12 col-xs-12\"><span class=\"wpcf7-form-control-wrap your-name\"><input type=\"text\" name=\"your-name\" value=\"\" size=\"40\" class=\"wpcf7-form-control wpcf7-text wpcf7-validates-as-required medium-input-dark alt-font\" aria-required=\"true\" aria-invalid=\"false\" placeholder=\"* Nome\" \/><\/span><span class=\"wpcf7-form-control-wrap your-email\"><input type=\"email\" name=\"your-email\" value=\"\" size=\"40\" class=\"wpcf7-form-control wpcf7-text wpcf7-email wpcf7-validates-as-required wpcf7-validates-as-email medium-input-dark alt-font\" aria-required=\"true\" aria-invalid=\"false\" placeholder=\"* E-mail\" \/><\/span> <\/div>\n<div class=\"col-md-6 col-sm-12 col-xs-12\"><span class=\"wpcf7-form-control-wrap your-message\"><textarea name=\"your-message\" cols=\"40\" rows=\"3\" class=\"wpcf7-form-control wpcf7-textarea medium-input-dark alt-font message-height\" aria-invalid=\"false\" placeholder=\"Mensagem\"><\/textarea><\/span> <\/div>\n<div class=\"col-md-12 col-sm-12 col-xs-12\">\n<div class=\"col-md-6 col-sm-6 col-xs-12 no-padding-left\">\n<\/div>\n<div class=\"col-md-6 col-sm-6 col-xs-12 no-padding-right sm-text-right xs-no-padding-right xs-padding-eleven\">\n<input type=\"submit\" value=\"Enviar\" class=\"wpcf7-form-control wpcf7-submit highlight-button-gray-border btn btn-small no-margin sm-pull-right alt-font\" \/>\n<\/div>\n<\/div>\n<div class=\"wpcf7-response-output\" aria-hidden=\"true\"><\/div><\/form><\/div><\/div><\/div><\/div><\/div><\/div><\/section>","protected":false},"excerpt":{"rendered":"<p>[vc_empty_space height=&#8221;74px&#8221;][vc_empty_space][vc_icon icon_fontawesome=&#8221;fa fa-user&#8221; color=&#8221;custom&#8221; size=&#8221;xl&#8221; align=&#8221;center&#8221; custom_color=&#8221;#f57838&#8243;]Para voc\u00eaSeja para trabalhar, estudar ou se divertir, n\u00e3o procure mais pois seu plano est\u00e1 aqui. [vc_empty_space][vc_icon icon_fontawesome=&#8221;fa fa-building&#8221; color=&#8221;custom&#8221; size=&#8221;xl&#8221; align=&#8221;center&#8221; custom_color=&#8221;#f57838&#8243;]Para empresasMais velocidade representa mais efici\u00eancia nas suas atividades di\u00e1rias. [vc_empty_space][vc_icon icon_fontawesome=&#8221;fa fa-users&#8221; color=&#8221;custom&#8221; size=&#8221;xl&#8221; align=&#8221;center&#8221; custom_color=&#8221;#f57838&#8243;]Para \u00f3rg\u00e3os p\u00fablicosSolu\u00e7\u00e3o econ\u00f4mica e vers\u00e1til para quem precisa de [&hellip;]<\/p>\n","protected":false},"author":1,"featured_media":0,"parent":0,"menu_order":0,"comment_status":"closed","ping_status":"closed","template":"","meta":[],"_links":{"self":[{"href":"https:\/\/novawebnet.com.br\/index.php?rest_route=\/wp\/v2\/pages\/5379"}],"collection":[{"href":"https:\/\/novawebnet.com.br\/index.php?rest_route=\/wp\/v2\/pages"}],"about":[{"href":"https:\/\/novawebnet.com.br\/index.php?rest_route=\/wp\/v2\/types\/page"}],"author":[{"embeddable":true,"href":"https:\/\/novawebnet.com.br\/index.php?rest_route=\/wp\/v2\/users\/1"}],"replies":[{"embeddable":true,"href":"https:\/\/novawebnet.com.br\/index.php?rest_route=%2Fwp%2Fv2%2Fcomments&post=5379"}],"version-history":[{"count":196,"href":"https:\/\/novawebnet.com.br\/index.php?rest_route=\/wp\/v2\/pages\/5379\/revisions"}],"predecessor-version":[{"id":7203,"href":"https:\/\/novawebnet.com.br\/index.php?rest_route=\/wp\/v2\/pages\/5379\/revisions\/7203"}],"wp:attachment":[{"href":"https:\/\/novawebnet.com.br\/index.php?rest_route=%2Fwp%2Fv2%2Fmedia&parent=5379"}],"curies":[{"name":"wp","href":"https:\/\/api.w.org\/{rel}","templated":true}]}}