{"id":7029,"date":"2020-09-21T13:21:55","date_gmt":"2020-09-21T16:21:55","guid":{"rendered":"http:\/\/177.85.103.23\/~develop\/nova-web-net\/?page_id=7029"},"modified":"2020-10-09T17:11:09","modified_gmt":"2020-10-09T20:11:09","slug":"empresa","status":"publish","type":"page","link":"https:\/\/novawebnet.com.br\/?page_id=7029","title":{"rendered":"Empresa"},"content":{"rendered":"<section><div class=\"container\"><div class=\"row\"><div class=\"wpb_column brando-column-container  vc_col-sm-12 col-xs-mobile-fullwidth\" data-front-class=\"brando-column-container  col-xs-mobile-fullwidth\"><div class=\"vc-column-innner-wrapper\"><div class=\"wpd-innner-wrapper\">[vc_single_image image=\"7062\" img_size=\"1170x300\" alignment=\"center\"]<div class=\"brando_text_1600705770-2-56\"><p style=\"text-align: center; font-size: 18px;\"><strong>Nossa empresa traz na sua hist\u00f3ria a determina\u00e7\u00e3o dos seus fundadores. Desde o in\u00edcio estivemos em busca de melhorias tanto em tecnologia com e qualifica\u00e7\u00e3o da nossa equipe. Todas as decis\u00f5es sempre foram tomadas com o objetivo de sermos reconhecidos regionalmente por oferecer servi\u00e7os de qualidade. Atualmente nossa empresa se encontra em expans\u00e3o, pois ampliamos nossa \u00e1rea de cobertura e agregamos novos servi\u00e7os e sempre preocupados com nosso foco principal que \u00e9 a satisfa\u00e7\u00e3o dos nossos clientes.<\/strong><\/p>\n<\/div><div class=\" brando-inner-row-class\"><div class=\"wpb_column brando-column-container  vc_col-sm-4 col-xs-mobile-fullwidth\" data-front-class=\"brando-column-container  col-xs-mobile-fullwidth\"><div class=\"vc-column-innner-wrapper\"><div class=\"wpd-innner-wrapper\">[vc_single_image image=\"7074\" img_size=\"500x300\"]<div class=\"margin-ten no-margin-lr clearfix\"><h3 class=\"alt-font font-weight-600  heading-style1 brando_heading_1600705967-2-7\" style=\"color:#f57838 !important;\">Miss\u00e3o<\/h3><\/div><div class=\"brando_text_1600705911-2-64\"><p style=\"text-align: left; font-size: 18px;\"><strong>Prover aos clientes acesso a internet com qualidade. Estar em constante aprimoramento e comercializar solu\u00e7\u00f5es tecnol\u00f3gicas. Contribuir para o sucesso de pessoas e empresas por meio do nosso trabalho.<\/strong><\/p>\n<\/div><\/div><\/div><\/div><div class=\"wpb_column brando-column-container  vc_col-sm-4 col-xs-mobile-fullwidth\" data-front-class=\"brando-column-container  col-xs-mobile-fullwidth\"><div class=\"vc-column-innner-wrapper\"><div class=\"wpd-innner-wrapper\">[vc_single_image image=\"7073\" img_size=\"500x300\"]<div class=\"margin-ten no-margin-lr clearfix\"><h3 class=\"alt-font font-weight-600  heading-style1 brando_heading_1600705967-2-7\" style=\"color:#f57838 !important;\">Vis\u00e3o<\/h3><\/div><div class=\"brando_text_1600705911-2-64\"><p style=\"text-align: left; font-size: 18px;\"><strong>Temos como filosofia principal o respeito e a transpar\u00eancia para com as pessoas, fornecendo produtos e servi\u00e7os de qualidade, tornando-se um parceiro em rela\u00e7\u00e3o \u00e0s quest\u00f5es tecnol\u00f3gicas.<\/strong><\/p>\n<\/div><\/div><\/div><\/div><div class=\"wpb_column brando-column-container  vc_col-sm-4 col-xs-mobile-fullwidth\" data-front-class=\"brando-column-container  col-xs-mobile-fullwidth\"><div class=\"vc-column-innner-wrapper\"><div class=\"wpd-innner-wrapper\">[vc_single_image image=\"7072\" img_size=\"500x300\"]<div class=\"margin-ten no-margin-lr clearfix\"><h3 class=\"alt-font font-weight-600  heading-style1 brando_heading_1600705967-2-7\" style=\"color:#f57838 !important;\">Valores<\/h3><\/div><div class=\"brando_text_1600705911-2-64\"><p style=\"text-align: left; font-size: 18px;\"><strong>- Qualidade e agilidade de nossos servi\u00e7os;<br \/>\n- Seguran\u00e7a das pessoas;<br \/>\n- Integridade com todos os p\u00fablicos;<br \/>\n- Credibilidade, comprometimento.<\/strong><\/p>\n<\/div><\/div><\/div><\/div><\/div><\/div><\/div><\/div><\/div><\/div><\/section>","protected":false},"excerpt":{"rendered":"<p>[vc_single_image image=&#8221;7062&#8243; img_size=&#8221;1170&#215;300&#8243; alignment=&#8221;center&#8221;]Nossa empresa traz na sua hist\u00f3ria a determina\u00e7\u00e3o dos seus fundadores. Desde o in\u00edcio estivemos em busca de melhorias tanto em tecnologia com e qualifica\u00e7\u00e3o da nossa equipe. Todas as decis\u00f5es sempre foram tomadas com o objetivo de sermos reconhecidos regionalmente por oferecer servi\u00e7os de qualidade. Atualmente nossa empresa se encontra em [&hellip;]<\/p>\n","protected":false},"author":1,"featured_media":0,"parent":0,"menu_order":0,"comment_status":"closed","ping_status":"closed","template":"","meta":[],"_links":{"self":[{"href":"https:\/\/novawebnet.com.br\/index.php?rest_route=\/wp\/v2\/pages\/7029"}],"collection":[{"href":"https:\/\/novawebnet.com.br\/index.php?rest_route=\/wp\/v2\/pages"}],"about":[{"href":"https:\/\/novawebnet.com.br\/index.php?rest_route=\/wp\/v2\/types\/page"}],"author":[{"embeddable":true,"href":"https:\/\/novawebnet.com.br\/index.php?rest_route=\/wp\/v2\/users\/1"}],"replies":[{"embeddable":true,"href":"https:\/\/novawebnet.com.br\/index.php?rest_route=%2Fwp%2Fv2%2Fcomments&post=7029"}],"version-history":[{"count":16,"href":"https:\/\/novawebnet.com.br\/index.php?rest_route=\/wp\/v2\/pages\/7029\/revisions"}],"predecessor-version":[{"id":7075,"href":"https:\/\/novawebnet.com.br\/index.php?rest_route=\/wp\/v2\/pages\/7029\/revisions\/7075"}],"wp:attachment":[{"href":"https:\/\/novawebnet.com.br\/index.php?rest_route=%2Fwp%2Fv2%2Fmedia&parent=7029"}],"curies":[{"name":"wp","href":"https:\/\/api.w.org\/{rel}","templated":true}]}}